{"id":1653,"date":"2021-11-10T09:27:17","date_gmt":"2021-11-10T09:27:17","guid":{"rendered":"https:\/\/www.lazerepilasyon.gen.tr\/?page_id=1653"},"modified":"2026-05-05T18:39:47","modified_gmt":"2026-05-05T15:39:47","slug":"hakkimizda","status":"publish","type":"page","link":"https:\/\/www.bornova.com.tr\/lazer-epilasyon\/hakkimizda\/","title":{"rendered":"Hakk\u0131m\u0131zda"},"content":{"rendered":"\n<p>Lazer Epilasyon 2021 y\u0131l\u0131nda lazer epilasyon hakk\u0131nda bilgilendirme ama\u00e7l\u0131 kurulmu\u015f bir web sitesidir. Sitemizde yer alan t\u00fcm bilgi ve i\u00e7erik t\u00fcm kullan\u0131c\u0131lar \u00fccretsiz olarak sunulmaktad\u0131r. Sitemizin kullan\u0131m\u0131 tamamen \u00fccretsiz olup, ziyaret\u00e7ilerden \u00fcyelik yada ki\u015fisel bilgi istenmemektedir. Sitemizde yer alan t\u00fcm i\u00e7erik bilgilendirme ama\u00e7l\u0131 olup herhangi bir tan\u0131 ve tedavi tavsiyesi de\u011fildir. Bu bilgilerin kullan\u0131m\u0131ndan web sitemiz sorumlu tutulamaz. Sitemizi ziyaret eden t\u00fcm kullan\u0131c\u0131lar bunu kabul etmi\u015f olurlar. Lazer epilasyon i\u00e7in yetkili kurulu\u015flardan ve uzman hekimlerden bilgi al\u0131nmal\u0131 ve uygulamalarda buralarda uzman kontrol\u00fcnde yap\u0131lmal\u0131d\u0131r.<\/p>\n\n\n\n<p>Web sitemizde yer alan t\u00fcm marka ve logolar sahiplerine aittir. Web sitemizde yer alan firmalara ait t\u00fcm bilgiler Google Haritalar uygulamas\u0131ndan otomatik \u00e7ekilmektedir ve bu bilgilerin do\u011frulu\u011fundan web sitemiz sorumlu tutulamaz. Sitemizde yer alan firma bilgilerinin d\u00fczeltilmesi, \u00e7\u0131kar\u0131lmas\u0131 ve bizimle ilgili her t\u00fcrl\u00fc istek, \u00f6neri, \u015fikayet i\u00e7in&nbsp;<strong><em><a href=\"https:\/\/www.bornova.com.tr\/lazer-epilasyon\/iletisim\/\" title=\"\u0130leti\u015fim\">\u0130leti\u015fim<\/a><\/em><\/strong>&nbsp;sayfam\u0131zda yer alan bilgilerden ileti\u015fim kurulabilir. T\u00fcm mailler titizlikle incelenmekte ve en k\u0131sa s\u00fcrede d\u00f6n\u00fc\u015f sa\u011flanmaktad\u0131r.<\/p>\n\n\n\n<p> E-Mail : lazer@lazerepilasyon.gen.tr <\/p>\n\n\n\n<p><strong>Sayg\u0131lar\u0131m\u0131zla,<br>lazerepilasyon.gen.tr<\/strong><\/p>\n","protected":false},"excerpt":{"rendered":"<p>Lazer Epilasyon 2021 y\u0131l\u0131nda lazer epilasyon hakk\u0131nda bilgilendirme ama\u00e7l\u0131 kurulmu\u015f bir web sitesidir. Sitemizde yer alan t\u00fcm bilgi ve i\u00e7erik t\u00fcm kullan\u0131c\u0131lar \u00fccretsiz olarak sunulmaktad\u0131r. Sitemizin kullan\u0131m\u0131 tamamen \u00fccretsiz olup,&hellip; <\/p>\n","protected":false},"author":1,"featured_media":0,"parent":0,"menu_order":0,"comment_status":"closed","ping_status":"closed","template":"","meta":{"_uag_custom_page_level_css":"","footnotes":""},"class_list":["post-1653","page","type-page","status-publish","hentry"],"aioseo_notices":[],"uagb_featured_image_src":{"full":false,"thumbnail":false,"medium":false,"medium_large":false,"large":false,"1536x1536":false,"2048x2048":false},"uagb_author_info":{"display_name":"Lazer Epilasyon","author_link":"https:\/\/www.bornova.com.tr\/lazer-epilasyon\/author\/admin\/"},"uagb_comment_info":0,"uagb_excerpt":"Lazer Epilasyon 2021 y\u0131l\u0131nda lazer epilasyon hakk\u0131nda bilgilendirme ama\u00e7l\u0131 kurulmu\u015f bir web sitesidir. Sitemizde yer alan t\u00fcm bilgi ve i\u00e7erik t\u00fcm kullan\u0131c\u0131lar \u00fccretsiz olarak sunulmaktad\u0131r. Sitemizin kullan\u0131m\u0131 tamamen \u00fccretsiz olup,&hellip;","_links":{"self":[{"href":"https:\/\/www.bornova.com.tr\/lazer-epilasyon\/wp-json\/wp\/v2\/pages\/1653","targetHints":{"allow":["GET"]}}],"collection":[{"href":"https:\/\/www.bornova.com.tr\/lazer-epilasyon\/wp-json\/wp\/v2\/pages"}],"about":[{"href":"https:\/\/www.bornova.com.tr\/lazer-epilasyon\/wp-json\/wp\/v2\/types\/page"}],"author":[{"embeddable":true,"href":"https:\/\/www.bornova.com.tr\/lazer-epilasyon\/wp-json\/wp\/v2\/users\/1"}],"replies":[{"embeddable":true,"href":"https:\/\/www.bornova.com.tr\/lazer-epilasyon\/wp-json\/wp\/v2\/comments?post=1653"}],"version-history":[{"count":3,"href":"https:\/\/www.bornova.com.tr\/lazer-epilasyon\/wp-json\/wp\/v2\/pages\/1653\/revisions"}],"predecessor-version":[{"id":8417,"href":"https:\/\/www.bornova.com.tr\/lazer-epilasyon\/wp-json\/wp\/v2\/pages\/1653\/revisions\/8417"}],"wp:attachment":[{"href":"https:\/\/www.bornova.com.tr\/lazer-epilasyon\/wp-json\/wp\/v2\/media?parent=1653"}],"curies":[{"name":"wp","href":"https:\/\/api.w.org\/{rel}","templated":true}]}}