{"id":1655,"date":"2021-11-10T09:31:02","date_gmt":"2021-11-10T09:31:02","guid":{"rendered":"https:\/\/www.lazerepilasyon.gen.tr\/?page_id=1655"},"modified":"2026-05-05T18:29:30","modified_gmt":"2026-05-05T15:29:30","slug":"iletisim","status":"publish","type":"page","link":"https:\/\/www.bornova.com.tr\/lazer-epilasyon\/iletisim\/","title":{"rendered":"\u0130leti\u015fim"},"content":{"rendered":"\n<p>Lazerepilasyon rehber sitesi ile ileti\u015fim kurmak i\u00e7in a\u015fa\u011f\u0131da yer alan ileti\u015fim formu arac\u0131l\u0131\u011f\u0131 ile bize ula\u015fabilirsiniz. T\u00fcm istek, \u00f6neri ve \u015fikayetleriniz titizlikle incelenmekte ve en k\u0131sa s\u00fcrede geri d\u00f6n\u00fc\u015f yap\u0131lmaktad\u0131r.<\/p>\n\n\n\n<p>E-Mail : destek[at]bornova.com.tr<\/p>\n\n\n\n<p><\/p>\n","protected":false},"excerpt":{"rendered":"<p>Lazerepilasyon rehber sitesi ile ileti\u015fim kurmak i\u00e7in a\u015fa\u011f\u0131da yer alan ileti\u015fim formu arac\u0131l\u0131\u011f\u0131 ile bize ula\u015fabilirsiniz. T\u00fcm istek, \u00f6neri ve \u015fikayetleriniz titizlikle incelenmekte ve en k\u0131sa s\u00fcrede geri d\u00f6n\u00fc\u015f yap\u0131lmaktad\u0131r.&hellip; <\/p>\n","protected":false},"author":1,"featured_media":0,"parent":0,"menu_order":0,"comment_status":"closed","ping_status":"closed","template":"","meta":{"_uag_custom_page_level_css":"","footnotes":""},"class_list":["post-1655","page","type-page","status-publish","hentry"],"aioseo_notices":[],"uagb_featured_image_src":{"full":false,"thumbnail":false,"medium":false,"medium_large":false,"large":false,"1536x1536":false,"2048x2048":false},"uagb_author_info":{"display_name":"Lazer Epilasyon","author_link":"https:\/\/www.bornova.com.tr\/lazer-epilasyon\/author\/admin\/"},"uagb_comment_info":0,"uagb_excerpt":"Lazerepilasyon rehber sitesi ile ileti\u015fim kurmak i\u00e7in a\u015fa\u011f\u0131da yer alan ileti\u015fim formu arac\u0131l\u0131\u011f\u0131 ile bize ula\u015fabilirsiniz. T\u00fcm istek, \u00f6neri ve \u015fikayetleriniz titizlikle incelenmekte ve en k\u0131sa s\u00fcrede geri d\u00f6n\u00fc\u015f yap\u0131lmaktad\u0131r.&hellip;","_links":{"self":[{"href":"https:\/\/www.bornova.com.tr\/lazer-epilasyon\/wp-json\/wp\/v2\/pages\/1655","targetHints":{"allow":["GET"]}}],"collection":[{"href":"https:\/\/www.bornova.com.tr\/lazer-epilasyon\/wp-json\/wp\/v2\/pages"}],"about":[{"href":"https:\/\/www.bornova.com.tr\/lazer-epilasyon\/wp-json\/wp\/v2\/types\/page"}],"author":[{"embeddable":true,"href":"https:\/\/www.bornova.com.tr\/lazer-epilasyon\/wp-json\/wp\/v2\/users\/1"}],"replies":[{"embeddable":true,"href":"https:\/\/www.bornova.com.tr\/lazer-epilasyon\/wp-json\/wp\/v2\/comments?post=1655"}],"version-history":[{"count":5,"href":"https:\/\/www.bornova.com.tr\/lazer-epilasyon\/wp-json\/wp\/v2\/pages\/1655\/revisions"}],"predecessor-version":[{"id":8415,"href":"https:\/\/www.bornova.com.tr\/lazer-epilasyon\/wp-json\/wp\/v2\/pages\/1655\/revisions\/8415"}],"wp:attachment":[{"href":"https:\/\/www.bornova.com.tr\/lazer-epilasyon\/wp-json\/wp\/v2\/media?parent=1655"}],"curies":[{"name":"wp","href":"https:\/\/api.w.org\/{rel}","templated":true}]}}